{"id":12038,"date":"2026-01-07T11:53:40","date_gmt":"2026-01-07T10:53:40","guid":{"rendered":"https:\/\/pdc-official.nooostaging.com\/zucchero-si-o-no\/"},"modified":"2026-01-22T17:17:01","modified_gmt":"2026-01-22T16:17:01","slug":"sugar-or-no-sugar","status":"publish","type":"page","link":"https:\/\/www.lepiantagionidelcaffe.com\/en\/disruptive-coffee-school\/how-to-drink-coffee\/sugar-or-no-sugar\/","title":{"rendered":"Zucchero s\u00ec o no?"},"content":{"rendered":"\n<section data-block=\"simple-page-title-block\" class=\"relative page-padding simple-page-title-block \">\n    <div class=\"relative mt-8 pt-24 lg:pt-28 z-[1]\">\n        <h1 class=\"text-5xl lg:text-7xl xl:text-8xl flex flex-row items-center justify-center gap-5 font-bold text-center uppercase pb-6\">\n            <span>Sugar or no sugar?<\/span>\n                    <\/h1>\n                    <\/div>\n<\/section>\n\n\n<section data-block=\"full-video-block\" class=\"relative full-video-block \">\n\t\t\t<div class=\"w-full aspect-video overflow-hidden\">\n\t\t\t<iframe \n\t\t\t\tsrc=\"https:\/\/www.youtube.com\/embed\/fzX_DRFliDA?rel=0&#038;autoplay=1\" \n\t\t\t\tclass=\"w-full h-full\"\n\t\t\t\tallow=\"accelerometer; autoplay; clipboard-write; encrypted-media; gyroscope; picture-in-picture\" \n\t\t\t\tallowfullscreen\n\t\t\t\tloading=\"lazy\"\n\t\t\t><\/iframe>\n\t\t<\/div>\n\t<\/section>\n\n\n\n<div style=\"height:45px\" aria-hidden=\"true\" class=\"wp-block-spacer\"><\/div>\n\n\n\n<div class=\"wp-block-buttons is-content-justification-center is-layout-flex wp-container-core-buttons-is-layout-16018d1d wp-block-buttons-is-layout-flex\">\n<div class=\"wp-block-button has-custom-width wp-block-button__width-50\"><a class=\"wp-block-button__link wp-element-button\" href=\"https:\/\/www.lepiantagionidelcaffe.com\/en\/disruptive-coffee-school\/how-to-drink-coffee\/coffee-aroma-and-tastes\/\">Coffee aromas and tastes<\/a><\/div>\n\n\n\n<div class=\"wp-block-button has-custom-width wp-block-button__width-50\"><a class=\"wp-block-button__link wp-element-button\" href=\"https:\/\/www.lepiantagionidelcaffe.com\/en\/disruptive-coffee-school\/how-to-drink-coffee\/by-when-one-has-to-drink-filter-coffee-from-the-automatic-machine\/\">By when drinking a filter coffee after brewing<\/a><\/div>\n<\/div>\n\n\n\n<div style=\"height:45px\" aria-hidden=\"true\" class=\"wp-block-spacer\"><\/div>\n\n\n\n<p class=\"has-text-align-center\"><strong>Hello, I\u2019m Paolo from \u201cLe Piantagioni del Caff\u00e8\u201d and I got a dilemma for you:<br>sugar or no&nbsp;sugar?<\/strong><\/p>\n\n\n\n<p class=\"has-text-align-center\"><\/p>\n\n\n\n<p class=\"has-text-align-center\">When drinking espresso or any other brewed coffee, one always wonders if to add sugar&nbsp;or not.<\/p>\n\n\n\n<p class=\"has-text-align-center\">It\u2019s true that without the sugar one can feel the aromas better, but it is also true that each&nbsp;of us tolerates bitterness differently.<\/p>\n\n\n\n<p class=\"has-text-align-center\">Perci\u00f2 c\u2019\u00e8 chi non pu\u00f2 rinunciar allo zucchero, se qualcuno invece decide di smettere di zuccherare il caff\u00e8 bisogna che lo faccia gradualmente.<\/p>\n\n\n\n<p class=\"has-text-align-center\">So some cannot give up sugar and if one decides to stop sugaring coffee, she has to do it&nbsp;gradually.<br>In case one cannot do it without it, it is better to find the right sugar to put in coffee. Since&nbsp;sugar has a taste, you have to find a type of sugar, no matter if white or cane, that has the&nbsp;least impact on coffee.<\/p>\n\n\n\n<div style=\"height:45px\" aria-hidden=\"true\" class=\"wp-block-spacer\"><\/div>\n\n\n\n<div class=\"wp-block-buttons is-content-justification-center is-layout-flex wp-container-core-buttons-is-layout-16018d1d wp-block-buttons-is-layout-flex\">\n<div class=\"wp-block-button\"><a class=\"wp-block-button__link wp-element-button\" href=\"https:\/\/www.lepiantagionidelcaffe.com\/en\/disruptive-coffee-school\/how-to-drink-coffee\/\">How to drink coffee<\/a><\/div>\n<\/div>\n\n\n\n<p><\/p>\n","protected":false},"excerpt":{"rendered":"<p>Hello, I\u2019m Paolo from \u201cLe Piantagioni del Caff\u00e8\u201d and I got a dilemma for you:sugar or no&nbsp;sugar? When drinking espresso or any other brewed coffee, one always wonders if to add sugar&nbsp;or not. It\u2019s true that without the sugar one can feel the aromas better, but it is also true that each&nbsp;of us tolerates bitterness<a href=\"https:\/\/www.lepiantagionidelcaffe.com\/en\/disruptive-coffee-school\/how-to-drink-coffee\/sugar-or-no-sugar\/\">Continue reading <span class=\"sr-only\">&#8220;Zucchero s\u00ec o no?&#8221;<\/span><\/a><\/p>\n","protected":false},"author":1,"featured_media":0,"parent":12073,"menu_order":0,"comment_status":"closed","ping_status":"closed","template":"page-old.php","meta":{"_acf_changed":false,"inline_featured_image":false,"footnotes":""},"class_list":["post-12038","page","type-page","status-publish","hentry"],"acf":[],"_links":{"self":[{"href":"https:\/\/www.lepiantagionidelcaffe.com\/en\/wp-json\/wp\/v2\/pages\/12038","targetHints":{"allow":["GET"]}}],"collection":[{"href":"https:\/\/www.lepiantagionidelcaffe.com\/en\/wp-json\/wp\/v2\/pages"}],"about":[{"href":"https:\/\/www.lepiantagionidelcaffe.com\/en\/wp-json\/wp\/v2\/types\/page"}],"author":[{"embeddable":true,"href":"https:\/\/www.lepiantagionidelcaffe.com\/en\/wp-json\/wp\/v2\/users\/1"}],"replies":[{"embeddable":true,"href":"https:\/\/www.lepiantagionidelcaffe.com\/en\/wp-json\/wp\/v2\/comments?post=12038"}],"version-history":[{"count":4,"href":"https:\/\/www.lepiantagionidelcaffe.com\/en\/wp-json\/wp\/v2\/pages\/12038\/revisions"}],"predecessor-version":[{"id":12672,"href":"https:\/\/www.lepiantagionidelcaffe.com\/en\/wp-json\/wp\/v2\/pages\/12038\/revisions\/12672"}],"up":[{"embeddable":true,"href":"https:\/\/www.lepiantagionidelcaffe.com\/en\/wp-json\/wp\/v2\/pages\/12073"}],"wp:attachment":[{"href":"https:\/\/www.lepiantagionidelcaffe.com\/en\/wp-json\/wp\/v2\/media?parent=12038"}],"curies":[{"name":"wp","href":"https:\/\/api.w.org\/{rel}","templated":true}]}}